{"id":278,"date":"2023-05-08T17:34:33","date_gmt":"2023-05-08T15:34:33","guid":{"rendered":"https:\/\/kaffestuganalphem.se\/?page_id=278"},"modified":"2023-09-21T09:22:02","modified_gmt":"2023-09-21T07:22:02","slug":"meny","status":"publish","type":"page","link":"https:\/\/kaffestuganalphem.se\/en\/meny\/","title":{"rendered":"Meny"},"content":{"rendered":"<p>[et_pb_section fb_built=&#8221;1&#8243; _builder_version=&#8221;4.21.0&#8243; _module_preset=&#8221;default&#8221; background_color=&#8221;rgba(0,0,0,0.05)&#8221; background_image=&#8221;https:\/\/kaffestuganalphem.se\/wp-content\/uploads\/2023\/05\/Cheesecake-med-hallonsas.jpg&#8221; width=&#8221;100%&#8221; max_width=&#8221;100%&#8221; min_height=&#8221;404px&#8221; custom_padding=&#8221;||11px|||&#8221; bottom_divider_color=&#8221;#af8191&#8243; bottom_divider_height=&#8221;26px&#8221; bottom_divider_flip=&#8221;horizontal&#8221; bottom_divider_arrangement=&#8221;above_content&#8221; global_colors_info=&#8221;{}&#8221;][et_pb_row _builder_version=&#8221;4.21.0&#8243; _module_preset=&#8221;default&#8221; global_colors_info=&#8221;{}&#8221;][et_pb_column type=&#8221;4_4&#8243; _builder_version=&#8221;4.21.0&#8243; _module_preset=&#8221;default&#8221; global_colors_info=&#8221;{}&#8221;][et_pb_text _builder_version=&#8221;4.21.0&#8243; _module_preset=&#8221;default&#8221; text_font=&#8221;Allura||||||||&#8221; text_text_color=&#8221;#FFFFFF&#8221; text_font_size=&#8221;17px&#8221; header_font=&#8221;Allura||||||||&#8221; header_text_color=&#8221;#FFFFFF&#8221; header_font_size=&#8221;100px&#8221; text_orientation=&#8221;center&#8221; custom_margin=&#8221;64px|||||&#8221; header_font_size_tablet=&#8221;100px&#8221; header_font_size_phone=&#8221;70px&#8221; header_font_size_last_edited=&#8221;on|tablet&#8221; global_colors_info=&#8221;{}&#8221;]<\/p>\n<h1><b>Meny<\/b><\/h1>\n<p>[\/et_pb_text][\/et_pb_column][\/et_pb_row][\/et_pb_section][et_pb_section fb_built=&#8221;1&#8243; disabled_on=&#8221;off|off|off&#8221; _builder_version=&#8221;4.22.1&#8243; _module_preset=&#8221;default&#8221; custom_padding=&#8221;3px||0px|||&#8221; hover_enabled=&#8221;0&#8243; global_module=&#8221;564&#8243; saved_tabs=&#8221;all&#8221; global_colors_info=&#8221;{}&#8221; sticky_enabled=&#8221;0&#8243;][et_pb_row _builder_version=&#8221;4.21.0&#8243; _module_preset=&#8221;default&#8221; global_colors_info=&#8221;{}&#8221;][et_pb_column type=&#8221;4_4&#8243; _builder_version=&#8221;4.21.0&#8243; _module_preset=&#8221;default&#8221; global_colors_info=&#8221;{}&#8221;][et_pb_text _builder_version=&#8221;4.22.1&#8243; _module_preset=&#8221;default&#8221; header_font=&#8221;Allura||||||||&#8221; header_text_color=&#8221;#AF8191&#8243; header_font_size=&#8221;52px&#8221; header_2_font=&#8221;Allura||||||||&#8221; header_2_text_align=&#8221;center&#8221; header_2_text_color=&#8221;#AF8191&#8243; header_2_font_size=&#8221;52px&#8221; header_2_letter_spacing=&#8221;1px&#8221; header_3_font=&#8221;Herr Von Muellerhoff||||||||&#8221; header_3_text_align=&#8221;right&#8221; header_3_font_size=&#8221;60px&#8221; header_4_text_color=&#8221;RGBA(0,0,0,0.6)&#8221; header_4_font_size=&#8221;32px&#8221; custom_margin=&#8221;2px|||||&#8221; animation_style=&#8221;slide&#8221; animation_direction=&#8221;left&#8221; animation_intensity_slide=&#8221;15%&#8221; header_2_font_size_tablet=&#8221;85px&#8221; header_2_font_size_phone=&#8221;33px&#8221; header_2_font_size_last_edited=&#8221;on|phone&#8221; header_3_font_size_tablet=&#8221;60px&#8221; header_3_font_size_phone=&#8221;50px&#8221; header_3_font_size_last_edited=&#8221;on|phone&#8221; global_colors_info=&#8221;{}&#8221;]<\/p>\n<h2>Det blir julbord p\u00e5 kaffestugan Alphem i \u00e5r.\u00a0<\/h2>\n<h3><\/h3>\n<p>[\/et_pb_text][et_pb_text _builder_version=&#8221;4.21.0&#8243; _module_preset=&#8221;default&#8221; text_font=&#8221;||on||||||&#8221; custom_padding=&#8221;10px|10px|10px|10px|false|false&#8221; border_radii=&#8221;on|5px|5px|5px|5px&#8221; box_shadow_style=&#8221;preset5&#8243; box_shadow_horizontal=&#8221;7px&#8221; box_shadow_vertical=&#8221;5px&#8221; box_shadow_spread=&#8221;0px&#8221; box_shadow_color=&#8221;#AF8191&#8243; global_colors_info=&#8221;{}&#8221;]<\/p>\n<p>I b\u00e4sta fall med sn\u00f6 och gnistrande vinter. I en milj\u00f6 pr\u00e4glad av hemtrevlighet.<\/p>\n<p>Traditionellt julbord men med n\u00e5gra extra inslag. Inte Sveriges st\u00f6rsta julbord, men ett av de godaste!<\/p>\n<p>Priset \u00e4r 350 kr per g\u00e4st, halva priset f\u00f6r barn under 12 \u00e5r. Barn under 6 \u00e5r gratis.<\/p>\n<p>D\u00e5 ing\u00e5r julbordets l\u00e4ckerheter, dryck i form av l\u00e4sk, l\u00e4tt\u00f6l, julmust och \u00e4pplemust fr\u00e5n egna \u00e4pplen. Efterr\u00e4tt, ris a la Malta, kaffe\/the o n\u00e5gon sorts kaka.<\/p>\n<p>Det g\u00e5r bra att boka f\u00f6ljande dagar och tider.<\/p>\n<p>25 november kl 13.00<br \/>26 november kl 13.00<br \/>1 december kl 18.00<br \/>2 december kl 13.00<br \/>3 december kl 13.00<br \/>9 december kl 18.00, f\u00e5 platser \u00e5terst\u00e5r<\/p>\n<p>Det g\u00e5r bra att boka ett s\u00e4llskap med minst 25 g\u00e4ster ocks\u00e5 andra dagar och tider.<\/p>\n<p>Ring <a href=\"tel:0722103013\">0722-103013<\/a> eller skriv till\u00a0<a href=\"mailto:anderskjellner@gmail.com\">anderskjellner@gmail.com<\/a><\/p>\n<p>[\/et_pb_text][\/et_pb_column][\/et_pb_row][\/et_pb_section][et_pb_section fb_built=&#8221;1&#8243; _builder_version=&#8221;4.21.0&#8243; _module_preset=&#8221;default&#8221; background_color=&#8221;#f5f1db&#8221; background_image=&#8221;https:\/\/kaffestuganalphem.se\/wp-content\/uploads\/2023\/05\/Kaffestugan-Alphem-Arboretum-bakgrund-1.png&#8221; custom_margin=&#8221;0px||||false|false&#8221; custom_padding=&#8221;30px||30px||false|false&#8221; top_divider_color=&#8221;rgba(198,156,95,0.82)&#8221; top_divider_height=&#8221;40px&#8221; global_colors_info=&#8221;{}&#8221;][et_pb_row column_structure=&#8221;2_5,3_5&#8243; _builder_version=&#8221;4.21.0&#8243; _module_preset=&#8221;default&#8221; custom_margin=&#8221;0px||||false|false&#8221; custom_margin_tablet=&#8221;3px||||false|false&#8221; custom_margin_phone=&#8221;3px||||false|false&#8221; custom_margin_last_edited=&#8221;on|phone&#8221; global_colors_info=&#8221;{}&#8221;][et_pb_column type=&#8221;2_5&#8243; _builder_version=&#8221;4.21.0&#8243; _module_preset=&#8221;default&#8221; transform_rotate=&#8221;0deg|0deg|-3deg&#8221; border_color_all=&#8221;#FFFFFF&#8221; global_colors_info=&#8221;{}&#8221;][et_pb_image src=&#8221;https:\/\/kaffestuganalphem.se\/wp-content\/uploads\/2023\/05\/Kaffestugan-Alphems-Arboretum-vaffla-med-sylt-min.jpg&#8221; title_text=&#8221;Kaffestugan-Alphems-Arboretum&#8212;v\u00e5ffla-med-sylt-min&#8221; _builder_version=&#8221;4.21.0&#8243; _module_preset=&#8221;default&#8221; border_radii=&#8221;on|15px|15px|15px|15px&#8221; border_width_all=&#8221;2px&#8221; border_color_all=&#8221;#FFFFFF&#8221; global_colors_info=&#8221;{}&#8221;][\/et_pb_image][et_pb_image src=&#8221;https:\/\/kaffestuganalphem.se\/wp-content\/uploads\/2023\/05\/Kaffestugan-Alphems-Arboretum-raksmorgas-min-1.jpg&#8221; title_text=&#8221;Kaffestugan-Alphems-Arboretum&#8212;r\u00e4ksm\u00f6rg\u00e5s-min&#8221; _builder_version=&#8221;4.21.0&#8243; _module_preset=&#8221;default&#8221; border_radii=&#8221;on|15px|15px|15px|15px&#8221; border_width_all=&#8221;2px&#8221; border_color_all=&#8221;#FFFFFF&#8221; global_colors_info=&#8221;{}&#8221;][\/et_pb_image][\/et_pb_column][et_pb_column type=&#8221;3_5&#8243; _builder_version=&#8221;4.16&#8243; _module_preset=&#8221;default&#8221; global_colors_info=&#8221;{}&#8221;][et_pb_text _builder_version=&#8221;4.21.0&#8243; _module_preset=&#8221;default&#8221; text_font=&#8221;Noto Sans||on||||||&#8221; text_text_color=&#8221;RGBA(0,0,0,0.6)&#8221; custom_padding=&#8221;10px|10px|10px|10px|false|false&#8221; border_radii=&#8221;on|5px|5px|5px|5px&#8221; box_shadow_style=&#8221;preset5&#8243; box_shadow_horizontal=&#8221;7px&#8221; box_shadow_vertical=&#8221;5px&#8221; box_shadow_spread=&#8221;0px&#8221; box_shadow_color=&#8221;#AF8191&#8243; global_colors_info=&#8221;{}&#8221;]<\/p>\n<p>Dagens soppa, olika soppor, ofta kryddiga.<\/p>\n<p>R\u00e4kmacka<\/p>\n<p>K\u00f6ttbullemacka<\/p>\n<p>\u00c4gg och sillmacka<\/p>\n<p>Morotsfralla med ost och\/eller skinka<\/p>\n<p>Matig v\u00e5ffla, en vanlig v\u00e5ffla med sallad, \u00e4gg, hackad r\u00f6dl\u00f6k, stenbitsrom r\u00e4kor eller lax mm.<\/p>\n<p>V\u00e5ffla med sylt och gr\u00e4dde<\/p>\n<p>Mjuka kakor s\u00e5som morotskaka, k\u00e4rleksmums, pinocchiot\u00e5rta zuccinikaka m fl<\/p>\n<p>Sm\u00e5kakor som kolasnitt, hallong\u00f6mma, chokladboll mm<\/p>\n<p>Varma drycker, kaffe, the och varm choklad.<\/p>\n<p>[\/et_pb_text][\/et_pb_column][\/et_pb_row][\/et_pb_section][et_pb_section fb_built=&#8221;1&#8243; disabled_on=&#8221;off|off|off&#8221; _builder_version=&#8221;4.21.0&#8243; _module_preset=&#8221;default&#8221; background_enable_color=&#8221;off&#8221; custom_padding=&#8221;30px||30px||false|false&#8221; global_colors_info=&#8221;{}&#8221;][et_pb_row _builder_version=&#8221;4.21.0&#8243; _module_preset=&#8221;default&#8221; custom_margin_tablet=&#8221;-22px||||false|false&#8221; custom_margin_phone=&#8221;-22px||||false|false&#8221; custom_margin_last_edited=&#8221;on|desktop&#8221; custom_padding=&#8221;0px||||false|false&#8221; global_colors_info=&#8221;{}&#8221;][et_pb_column type=&#8221;4_4&#8243; _builder_version=&#8221;4.16&#8243; _module_preset=&#8221;default&#8221; global_colors_info=&#8221;{}&#8221;][et_pb_text _builder_version=&#8221;4.21.0&#8243; _module_preset=&#8221;default&#8221; text_font=&#8221;Allura||||||||&#8221; text_text_color=&#8221;#AF8191&#8243; text_font_size=&#8221;58px&#8221; text_letter_spacing=&#8221;1px&#8221; text_line_height=&#8221;1em&#8221; text_orientation=&#8221;center&#8221; custom_margin=&#8221;0px||||false|false&#8221; custom_margin_tablet=&#8221;45px||||false|false&#8221; custom_margin_phone=&#8221;35px||||false|false&#8221; custom_margin_last_edited=&#8221;on|tablet&#8221; custom_padding=&#8221;|||0px|false|false&#8221; animation_style=&#8221;slide&#8221; animation_direction=&#8221;right&#8221; animation_intensity_slide=&#8221;15%&#8221; text_font_size_tablet=&#8221;60px&#8221; text_font_size_phone=&#8221;45px&#8221; text_font_size_last_edited=&#8221;on|phone&#8221; global_colors_info=&#8221;{}&#8221;]<\/p>\n<p>Ring eller maila Anders vi fr\u00e5gor<\/p>\n<p>[\/et_pb_text][et_pb_button button_url=&#8221;tel:0722103013&#8243; button_text=&#8221;Tel: 072-210 30 13&#8243; button_alignment=&#8221;center&#8221; _builder_version=&#8221;4.22.0&#8243; _module_preset=&#8221;default&#8221; custom_button=&#8221;on&#8221; button_text_size=&#8221;17px&#8221; button_text_color=&#8221;#FFFFFF&#8221; button_bg_color=&#8221;#AF8191&#8243; button_border_color=&#8221;#FFFFFF&#8221; button_font=&#8221;Noto Sans||on||||||&#8221; button_icon=&#8221;&#x39;||divi||400&#8243; button_icon_color=&#8221;#FFFFFF&#8221; box_shadow_style=&#8221;preset5&#8243; box_shadow_horizontal=&#8221;8px&#8221; box_shadow_vertical=&#8221;8px&#8221; box_shadow_spread=&#8221;-5px&#8221; box_shadow_color=&#8221;#AF8191&#8243; global_colors_info=&#8221;{}&#8221;][\/et_pb_button][et_pb_button button_url=&#8221;mailto:anderskjellner@gmail.com&#8221; button_text=&#8221;Maila: anderskjellner@gmail.com&#8221; button_alignment=&#8221;center&#8221; _builder_version=&#8221;4.21.0&#8243; _module_preset=&#8221;default&#8221; custom_button=&#8221;on&#8221; button_text_size=&#8221;17px&#8221; button_text_color=&#8221;#FFFFFF&#8221; button_bg_color=&#8221;#AF8191&#8243; button_border_color=&#8221;#FFFFFF&#8221; button_font=&#8221;Noto Sans||on||||||&#8221; button_icon=&#8221;&#x39;||divi||400&#8243; button_icon_color=&#8221;#FFFFFF&#8221; box_shadow_style=&#8221;preset5&#8243; box_shadow_horizontal=&#8221;8px&#8221; box_shadow_vertical=&#8221;8px&#8221; box_shadow_spread=&#8221;-5px&#8221; box_shadow_color=&#8221;#AF8191&#8243; global_colors_info=&#8221;{}&#8221;][\/et_pb_button][\/et_pb_column][\/et_pb_row][\/et_pb_section][et_pb_section fb_built=&#8221;1&#8243; _builder_version=&#8221;4.21.0&#8243; _module_preset=&#8221;default&#8221; background_color=&#8221;#f5f1db&#8221; custom_padding=&#8221;30px||30px||false|false&#8221; global_colors_info=&#8221;{}&#8221;][et_pb_row column_structure=&#8221;1_4,1_4,1_4,1_4&#8243; use_custom_gutter=&#8221;on&#8221; gutter_width=&#8221;2&#8243; _builder_version=&#8221;4.21.0&#8243; _module_preset=&#8221;default&#8221; width=&#8221;100%&#8221; global_colors_info=&#8221;{}&#8221;][et_pb_column type=&#8221;1_4&#8243; _builder_version=&#8221;4.21.0&#8243; _module_preset=&#8221;default&#8221; transform_rotate=&#8221;0deg|0deg|-3deg&#8221; global_colors_info=&#8221;{}&#8221;][et_pb_image src=&#8221;https:\/\/kaffestuganalphem.se\/wp-content\/uploads\/2023\/05\/Kaffestugan-Alphems-Arboretum-sill-smorgas-min-1.jpg&#8221; title_text=&#8221;Kaffestugan-Alphems-Arboretum&#8212;sill-sm\u00f6rg\u00e5s-min&#8221; _builder_version=&#8221;4.21.0&#8243; _module_preset=&#8221;default&#8221; border_radii=&#8221;on|15px|15px|15px|15px&#8221; border_width_all=&#8221;2px&#8221; border_color_all=&#8221;#FFFFFF&#8221; global_colors_info=&#8221;{}&#8221;][\/et_pb_image][\/et_pb_column][et_pb_column type=&#8221;1_4&#8243; _builder_version=&#8221;4.16&#8243; _module_preset=&#8221;default&#8221; global_colors_info=&#8221;{}&#8221;][et_pb_image src=&#8221;https:\/\/kaffestuganalphem.se\/wp-content\/uploads\/2023\/05\/Kaffestugan-Alphems-Arboretum-raksmorgas-min-1.jpg&#8221; title_text=&#8221;Kaffestugan-Alphems-Arboretum&#8212;r\u00e4ksm\u00f6rg\u00e5s-min&#8221; _builder_version=&#8221;4.21.0&#8243; _module_preset=&#8221;default&#8221; border_radii=&#8221;on|15px|15px|15px|15px&#8221; border_width_all=&#8221;2px&#8221; border_color_all=&#8221;#FFFFFF&#8221; global_colors_info=&#8221;{}&#8221;][\/et_pb_image][\/et_pb_column][et_pb_column type=&#8221;1_4&#8243; _builder_version=&#8221;4.16&#8243; _module_preset=&#8221;default&#8221; global_colors_info=&#8221;{}&#8221;][et_pb_image src=&#8221;https:\/\/kaffestuganalphem.se\/wp-content\/uploads\/2023\/05\/Kaffestugan-Alphems-Arboretum-kottbulle-smorgas-min-1.jpg&#8221; title_text=&#8221;Kaffestugan-Alphems-Arboretum&#8212;k\u00f6ttbulle-sm\u00f6rg\u00e5s-min&#8221; _builder_version=&#8221;4.21.0&#8243; _module_preset=&#8221;default&#8221; border_radii=&#8221;on|15px|15px|15px|15px&#8221; border_width_all=&#8221;2px&#8221; border_color_all=&#8221;#FFFFFF&#8221; global_colors_info=&#8221;{}&#8221;][\/et_pb_image][\/et_pb_column][et_pb_column type=&#8221;1_4&#8243; _builder_version=&#8221;4.16&#8243; _module_preset=&#8221;default&#8221; global_colors_info=&#8221;{}&#8221;][et_pb_image src=&#8221;https:\/\/kaffestuganalphem.se\/wp-content\/uploads\/2023\/05\/Kaffestugan-Alphems-Arboretum-vaffla-med-sylt-min-1.jpg&#8221; title_text=&#8221;Kaffestugan-Alphems-Arboretum&#8212;v\u00e5ffla-med-sylt-min&#8221; _builder_version=&#8221;4.21.0&#8243; _module_preset=&#8221;default&#8221; border_radii=&#8221;on|15px|15px|15px|15px&#8221; border_width_all=&#8221;2px&#8221; border_color_all=&#8221;#FFFFFF&#8221; global_colors_info=&#8221;{}&#8221;][\/et_pb_image][\/et_pb_column][\/et_pb_row][\/et_pb_section][et_pb_section fb_built=&#8221;1&#8243; disabled_on=&#8221;off|off|off&#8221; _builder_version=&#8221;4.21.0&#8243; _module_preset=&#8221;default&#8221; background_enable_color=&#8221;off&#8221; custom_padding=&#8221;30px||30px||false|false&#8221; global_colors_info=&#8221;{}&#8221;][et_pb_row _builder_version=&#8221;4.21.0&#8243; _module_preset=&#8221;default&#8221; custom_margin_tablet=&#8221;-22px||||false|false&#8221; custom_margin_phone=&#8221;-22px||||false|false&#8221; custom_margin_last_edited=&#8221;on|tablet&#8221; custom_padding=&#8221;0px||12px||false|false&#8221; global_colors_info=&#8221;{}&#8221;][et_pb_column type=&#8221;4_4&#8243; _builder_version=&#8221;4.16&#8243; _module_preset=&#8221;default&#8221; global_colors_info=&#8221;{}&#8221;][et_pb_text _builder_version=&#8221;4.21.0&#8243; _module_preset=&#8221;default&#8221; text_font=&#8221;Allura||||||||&#8221; text_text_color=&#8221;#AF8191&#8243; text_font_size=&#8221;58px&#8221; text_letter_spacing=&#8221;1px&#8221; text_line_height=&#8221;1em&#8221; text_orientation=&#8221;center&#8221; custom_margin=&#8221;0px||||false|false&#8221; custom_margin_tablet=&#8221;45px||||false|false&#8221; custom_margin_phone=&#8221;35px||||false|false&#8221; custom_margin_last_edited=&#8221;on|tablet&#8221; custom_padding=&#8221;|||0px|false|false&#8221; animation_style=&#8221;slide&#8221; animation_direction=&#8221;right&#8221; animation_intensity_slide=&#8221;15%&#8221; text_font_size_tablet=&#8221;60px&#8221; text_font_size_phone=&#8221;45px&#8221; text_font_size_last_edited=&#8221;on|phone&#8221; global_colors_info=&#8221;{}&#8221;]<\/p>\n<p>Blogg<\/p>\n<p>[\/et_pb_text][\/et_pb_column][\/et_pb_row][\/et_pb_section][et_pb_section fb_built=&#8221;1&#8243; _builder_version=&#8221;4.21.0&#8243; _module_preset=&#8221;default&#8221; background_color=&#8221;#f5f1db&#8221; background_image=&#8221;https:\/\/kaffestuganalphem.se\/wp-content\/uploads\/2023\/05\/Kaffestugan-Alphem-Arboretum-bakgrund-1.png&#8221; custom_margin=&#8221;0px||||false|false&#8221; custom_padding=&#8221;30px||30px||false|false&#8221; top_divider_color=&#8221;rgba(198,156,95,0.82)&#8221; top_divider_height=&#8221;40px&#8221; global_colors_info=&#8221;{}&#8221;][et_pb_row _builder_version=&#8221;4.21.0&#8243; _module_preset=&#8221;default&#8221; custom_margin=&#8221;9px|auto||auto||&#8221; global_colors_info=&#8221;{}&#8221;][et_pb_column type=&#8221;4_4&#8243; _builder_version=&#8221;4.21.0&#8243; _module_preset=&#8221;default&#8221; global_colors_info=&#8221;{}&#8221;][et_pb_blog fullwidth=&#8221;off&#8221; include_categories=&#8221;21,13&#8243; show_more=&#8221;on&#8221; show_author=&#8221;off&#8221; show_categories=&#8221;off&#8221; _builder_version=&#8221;4.21.0&#8243; _module_preset=&#8221;default&#8221; header_font=&#8221;Allura||||||||&#8221; header_text_color=&#8221;#AF8191&#8243; header_font_size=&#8221;30px&#8221; body_font=&#8221;Noto Sans||||||||&#8221; body_text_color=&#8221;RGBA(0,0,0,0.6)&#8221; meta_font=&#8221;Noto Sans||||||||&#8221; border_radii=&#8221;on|15px|15px|15px|15px&#8221; box_shadow_style=&#8221;preset3&#8243; global_colors_info=&#8221;{}&#8221;][\/et_pb_blog][\/et_pb_column][\/et_pb_row][\/et_pb_section][et_pb_section fb_built=&#8221;1&#8243; _builder_version=&#8221;4.21.0&#8243; _module_preset=&#8221;default&#8221; custom_padding=&#8221;3px||10px|||&#8221; global_colors_info=&#8221;{}&#8221;][et_pb_row _builder_version=&#8221;4.21.0&#8243; _module_preset=&#8221;default&#8221; global_colors_info=&#8221;{}&#8221;][et_pb_column type=&#8221;4_4&#8243; _builder_version=&#8221;4.21.0&#8243; _module_preset=&#8221;default&#8221; global_colors_info=&#8221;{}&#8221;][et_pb_text _builder_version=&#8221;4.21.0&#8243; _module_preset=&#8221;default&#8221; global_colors_info=&#8221;{}&#8221;][\/et_pb_text][\/et_pb_column][\/et_pb_row][\/et_pb_section]<\/p>\n","protected":false},"excerpt":{"rendered":"<p>MenyDet blir julbord p\u00e5 kaffestugan Alphem i \u00e5r.\u00a0 I b\u00e4sta fall med sn\u00f6 och gnistrande vinter. I en milj\u00f6 pr\u00e4glad av hemtrevlighet. Traditionellt julbord men med n\u00e5gra extra inslag. Inte Sveriges st\u00f6rsta julbord, men ett av de godaste! Priset \u00e4r 350 kr per g\u00e4st, halva priset f\u00f6r barn under 12 \u00e5r. Barn under 6 \u00e5r [&hellip;]<\/p>\n","protected":false},"author":1,"featured_media":281,"parent":0,"menu_order":0,"comment_status":"closed","ping_status":"closed","template":"","meta":{"_et_pb_use_builder":"on","_et_pb_old_content":"","_et_gb_content_width":"","footnotes":""},"class_list":["post-278","page","type-page","status-publish","has-post-thumbnail","hentry"],"_links":{"self":[{"href":"https:\/\/kaffestuganalphem.se\/en\/wp-json\/wp\/v2\/pages\/278","targetHints":{"allow":["GET"]}}],"collection":[{"href":"https:\/\/kaffestuganalphem.se\/en\/wp-json\/wp\/v2\/pages"}],"about":[{"href":"https:\/\/kaffestuganalphem.se\/en\/wp-json\/wp\/v2\/types\/page"}],"author":[{"embeddable":true,"href":"https:\/\/kaffestuganalphem.se\/en\/wp-json\/wp\/v2\/users\/1"}],"replies":[{"embeddable":true,"href":"https:\/\/kaffestuganalphem.se\/en\/wp-json\/wp\/v2\/comments?post=278"}],"version-history":[{"count":5,"href":"https:\/\/kaffestuganalphem.se\/en\/wp-json\/wp\/v2\/pages\/278\/revisions"}],"predecessor-version":[{"id":601,"href":"https:\/\/kaffestuganalphem.se\/en\/wp-json\/wp\/v2\/pages\/278\/revisions\/601"}],"wp:featuredmedia":[{"embeddable":true,"href":"https:\/\/kaffestuganalphem.se\/en\/wp-json\/wp\/v2\/media\/281"}],"wp:attachment":[{"href":"https:\/\/kaffestuganalphem.se\/en\/wp-json\/wp\/v2\/media?parent=278"}],"curies":[{"name":"wp","href":"https:\/\/api.w.org\/{rel}","templated":true}]}}